{"id":10078,"date":"2024-03-07T08:45:39","date_gmt":"2024-03-07T07:45:39","guid":{"rendered":"https:\/\/diagnosticimmobiliers.net\/?page_id=10078"},"modified":"2024-03-07T08:45:40","modified_gmt":"2024-03-07T07:45:40","slug":"mentions-legales","status":"publish","type":"page","link":"https:\/\/diagnosticimmobiliers.net\/index.php\/mentions-legales\/","title":{"rendered":"Mentions l\u00e9gales"},"content":{"rendered":"\n<p>Mentions l\u00e9gales Nord Pas de Calais Diagnostics<\/p>\n\n\n\n<p><strong>Propri\u00e9taire du Site<\/strong><br>Nord Pas de Calais Diagnostics<br>Parc d&rsquo;entreprises de l&rsquo;horlogerie<br>B\u00e9thune 62401<br>SARL au Capital de 8000 \u20ac<br>R.S.C. ARRAS 530 923 994<br>Assurance Allianz Actif Pro 56398724<br>TVA intracommunautaire : FR81530923994<\/p>\n\n\n\n<p>T\u00e9l\u00e9phone : 03 21 62 59 38 ou 06 08 65 11 75<br>Email : contact@diagnosticimmobiliers.net<\/p>\n\n\n\n<p>Cr\u00e9ation et d\u00e9veloppement : <a href=\"https:\/\/chlorophyllia.com\">SARL Chlorophyllia<\/a><\/p>\n\n\n\n<p><strong>H\u00e9bergeur OVH<\/strong><br>2 rue Kellermann<br>59100 Roubaix \u2013 France<\/p>\n\n\n\n<p>La pr\u00e9sentation et le contenu de ce site constituent une \u0153uvre num\u00e9rique. Elle est prot\u00e9g\u00e9e par les lois en vigueur sur la propri\u00e9t\u00e9 intellectuelle. La reproduction ou repr\u00e9sentation, int\u00e9grale ou partielle, des pages, des donn\u00e9es et de tout autre \u00e9l\u00e9ment constitutif au site, par quelque proc\u00e9d\u00e9 que se soit, ne peut \u00eatre r\u00e9alis\u00e9e que par l\u2019autorisation expresse de son propri\u00e9taire.<br>Directeur de publication et responsable de r\u00e9daction: Jacques Pawlak<\/p>\n\n\n\n<p>Nord Pas de Calais Diagnostics et https:\/\/www.diagnosticimmobiliers.net sont la propri\u00e9t\u00e9 de Nord Pas de Calais Diagnostics.<br>Conform\u00e9ment \u00e0 la r\u00e9glementation modificative en vigueur depuis le 10\/07\/2006, la d\u00e9claration, aupr\u00e8s de la CNIL, d&rsquo;un site Internet non marchand et\/ou ne r\u00e9coltant pas des donn\u00e9es \u00e0 risque n&rsquo;est plus obligatoire.<br>Nord Pas de Calais Diagnostics s\u2019engage n\u00e9anmoins \u00e0 respecter la vie priv\u00e9e de ses visiteurs et tout autre contact de quelque nature que se soit, et se conforme en tout point \u00e0 la l\u00e9gislation sur la protection de la vie priv\u00e9e et des libert\u00e9s individuelles (loi n\u00b0 78-17 du 6 janvier 1978). Aucune information collect\u00e9e par Nord Pas de Calais Diagnostics ne sera divulgu\u00e9e \u00e0 des tiers. En application des articles 38 \u00e0 40 de la loi n\u00b0 78-17 du 6 janvier 1978 , modifi\u00e9e par la loi n\u00b02004-801 du 6 aout 2004, relative \u00e0 l\u2019informatique, aux fichiers et aux libert\u00e9s , toute personne ayant fait l\u2019objet d\u2019une collecte d\u2019information dispose d\u2019un droit d\u2019acc\u00e8s, de rectification et d\u2019opposition aux donn\u00e9es personnelles la concernant en s\u2019adressant a Nord Pas de Calais Diagnostics au 03 2162 59 38 ou sur le site https:\/\/www.diagnosticimmobiliers.net.<\/p>\n","protected":false},"excerpt":{"rendered":"<p>Mentions l\u00e9gales Nord Pas de Calais Diagnostics Propri\u00e9taire du SiteNord Pas de Calais DiagnosticsParc d&rsquo;entreprises de l&rsquo;horlogerieB\u00e9thune 62401SARL au Capital de 8000 \u20acR.S.C. ARRAS 530 923 994Assurance Allianz Actif Pro 56398724TVA intracommunautaire : FR81530923994 T\u00e9l\u00e9phone : 03 21 62 59 38 ou 06 08 65 11 75Email : contact@diagnosticimmobiliers.net Cr\u00e9ation [&hellip;]<\/p>\n","protected":false},"author":1,"featured_media":0,"parent":0,"menu_order":0,"comment_status":"closed","ping_status":"closed","template":"","meta":{"footnotes":""},"class_list":["post-10078","page","type-page","status-publish","hentry"],"yoast_head":"<!-- This site is optimized with the Yoast SEO plugin v22.7 - https:\/\/yoast.com\/wordpress\/plugins\/seo\/ -->\n<title>Mentions l\u00e9gales -<\/title>\n<meta name=\"robots\" content=\"index, follow, max-snippet:-1, max-image-preview:large, max-video-preview:-1\" \/>\n<link rel=\"canonical\" href=\"https:\/\/diagnosticimmobiliers.net\/index.php\/mentions-legales\/\" \/>\n<meta property=\"og:locale\" content=\"fr_FR\" \/>\n<meta property=\"og:type\" content=\"article\" \/>\n<meta property=\"og:title\" content=\"Mentions l\u00e9gales -\" \/>\n<meta property=\"og:description\" content=\"Mentions l\u00e9gales Nord Pas de Calais Diagnostics Propri\u00e9taire du SiteNord Pas de Calais DiagnosticsParc d&rsquo;entreprises de l&rsquo;horlogerieB\u00e9thune 62401SARL au Capital de 8000 \u20acR.S.C. ARRAS 530 923 994Assurance Allianz Actif Pro 56398724TVA intracommunautaire : FR81530923994 T\u00e9l\u00e9phone : 03 21 62 59 38 ou 06 08 65 11 75Email : contact@diagnosticimmobiliers.net Cr\u00e9ation [&hellip;]\" \/>\n<meta property=\"og:url\" content=\"https:\/\/diagnosticimmobiliers.net\/index.php\/mentions-legales\/\" \/>\n<meta property=\"article:modified_time\" content=\"2024-03-07T07:45:40+00:00\" \/>\n<meta name=\"twitter:card\" content=\"summary_large_image\" \/>\n<meta name=\"twitter:label1\" content=\"Dur\u00e9e de lecture estim\u00e9e\" \/>\n\t<meta name=\"twitter:data1\" content=\"2 minutes\" \/>\n<script type=\"application\/ld+json\" class=\"yoast-schema-graph\">{\"@context\":\"https:\/\/schema.org\",\"@graph\":[{\"@type\":\"WebPage\",\"@id\":\"https:\/\/diagnosticimmobiliers.net\/index.php\/mentions-legales\/\",\"url\":\"https:\/\/diagnosticimmobiliers.net\/index.php\/mentions-legales\/\",\"name\":\"Mentions l\u00e9gales -\",\"isPartOf\":{\"@id\":\"https:\/\/diagnosticimmobiliers.net\/#website\"},\"datePublished\":\"2024-03-07T07:45:39+00:00\",\"dateModified\":\"2024-03-07T07:45:40+00:00\",\"breadcrumb\":{\"@id\":\"https:\/\/diagnosticimmobiliers.net\/index.php\/mentions-legales\/#breadcrumb\"},\"inLanguage\":\"fr-FR\",\"potentialAction\":[{\"@type\":\"ReadAction\",\"target\":[\"https:\/\/diagnosticimmobiliers.net\/index.php\/mentions-legales\/\"]}]},{\"@type\":\"BreadcrumbList\",\"@id\":\"https:\/\/diagnosticimmobiliers.net\/index.php\/mentions-legales\/#breadcrumb\",\"itemListElement\":[{\"@type\":\"ListItem\",\"position\":1,\"name\":\"Accueil\",\"item\":\"https:\/\/diagnosticimmobiliers.net\/\"},{\"@type\":\"ListItem\",\"position\":2,\"name\":\"Mentions l\u00e9gales\"}]},{\"@type\":\"WebSite\",\"@id\":\"https:\/\/diagnosticimmobiliers.net\/#website\",\"url\":\"https:\/\/diagnosticimmobiliers.net\/\",\"name\":\"diagnosticimmobiliers.net\",\"description\":\"\",\"publisher\":{\"@id\":\"https:\/\/diagnosticimmobiliers.net\/#organization\"},\"potentialAction\":[{\"@type\":\"SearchAction\",\"target\":{\"@type\":\"EntryPoint\",\"urlTemplate\":\"https:\/\/diagnosticimmobiliers.net\/?s={search_term_string}\"},\"query-input\":\"required name=search_term_string\"}],\"inLanguage\":\"fr-FR\"},{\"@type\":\"Organization\",\"@id\":\"https:\/\/diagnosticimmobiliers.net\/#organization\",\"name\":\"Nord Pas-de-Calais Diagnostics\",\"url\":\"https:\/\/diagnosticimmobiliers.net\/\",\"logo\":{\"@type\":\"ImageObject\",\"inLanguage\":\"fr-FR\",\"@id\":\"https:\/\/diagnosticimmobiliers.net\/#\/schema\/logo\/image\/\",\"url\":\"https:\/\/diagnosticimmobiliers.net\/wp-content\/uploads\/2024\/02\/energie-loupe-copie-2.png\",\"contentUrl\":\"https:\/\/diagnosticimmobiliers.net\/wp-content\/uploads\/2024\/02\/energie-loupe-copie-2.png\",\"width\":1000,\"height\":949,\"caption\":\"Nord Pas-de-Calais Diagnostics\"},\"image\":{\"@id\":\"https:\/\/diagnosticimmobiliers.net\/#\/schema\/logo\/image\/\"}}]}<\/script>\n<!-- \/ Yoast SEO plugin. -->","yoast_head_json":{"title":"Mentions l\u00e9gales -","robots":{"index":"index","follow":"follow","max-snippet":"max-snippet:-1","max-image-preview":"max-image-preview:large","max-video-preview":"max-video-preview:-1"},"canonical":"https:\/\/diagnosticimmobiliers.net\/index.php\/mentions-legales\/","og_locale":"fr_FR","og_type":"article","og_title":"Mentions l\u00e9gales -","og_description":"Mentions l\u00e9gales Nord Pas de Calais Diagnostics Propri\u00e9taire du SiteNord Pas de Calais DiagnosticsParc d&rsquo;entreprises de l&rsquo;horlogerieB\u00e9thune 62401SARL au Capital de 8000 \u20acR.S.C. ARRAS 530 923 994Assurance Allianz Actif Pro 56398724TVA intracommunautaire : FR81530923994 T\u00e9l\u00e9phone : 03 21 62 59 38 ou 06 08 65 11 75Email : contact@diagnosticimmobiliers.net Cr\u00e9ation [&hellip;]","og_url":"https:\/\/diagnosticimmobiliers.net\/index.php\/mentions-legales\/","article_modified_time":"2024-03-07T07:45:40+00:00","twitter_card":"summary_large_image","twitter_misc":{"Dur\u00e9e de lecture estim\u00e9e":"2 minutes"},"schema":{"@context":"https:\/\/schema.org","@graph":[{"@type":"WebPage","@id":"https:\/\/diagnosticimmobiliers.net\/index.php\/mentions-legales\/","url":"https:\/\/diagnosticimmobiliers.net\/index.php\/mentions-legales\/","name":"Mentions l\u00e9gales -","isPartOf":{"@id":"https:\/\/diagnosticimmobiliers.net\/#website"},"datePublished":"2024-03-07T07:45:39+00:00","dateModified":"2024-03-07T07:45:40+00:00","breadcrumb":{"@id":"https:\/\/diagnosticimmobiliers.net\/index.php\/mentions-legales\/#breadcrumb"},"inLanguage":"fr-FR","potentialAction":[{"@type":"ReadAction","target":["https:\/\/diagnosticimmobiliers.net\/index.php\/mentions-legales\/"]}]},{"@type":"BreadcrumbList","@id":"https:\/\/diagnosticimmobiliers.net\/index.php\/mentions-legales\/#breadcrumb","itemListElement":[{"@type":"ListItem","position":1,"name":"Accueil","item":"https:\/\/diagnosticimmobiliers.net\/"},{"@type":"ListItem","position":2,"name":"Mentions l\u00e9gales"}]},{"@type":"WebSite","@id":"https:\/\/diagnosticimmobiliers.net\/#website","url":"https:\/\/diagnosticimmobiliers.net\/","name":"diagnosticimmobiliers.net","description":"","publisher":{"@id":"https:\/\/diagnosticimmobiliers.net\/#organization"},"potentialAction":[{"@type":"SearchAction","target":{"@type":"EntryPoint","urlTemplate":"https:\/\/diagnosticimmobiliers.net\/?s={search_term_string}"},"query-input":"required name=search_term_string"}],"inLanguage":"fr-FR"},{"@type":"Organization","@id":"https:\/\/diagnosticimmobiliers.net\/#organization","name":"Nord Pas-de-Calais Diagnostics","url":"https:\/\/diagnosticimmobiliers.net\/","logo":{"@type":"ImageObject","inLanguage":"fr-FR","@id":"https:\/\/diagnosticimmobiliers.net\/#\/schema\/logo\/image\/","url":"https:\/\/diagnosticimmobiliers.net\/wp-content\/uploads\/2024\/02\/energie-loupe-copie-2.png","contentUrl":"https:\/\/diagnosticimmobiliers.net\/wp-content\/uploads\/2024\/02\/energie-loupe-copie-2.png","width":1000,"height":949,"caption":"Nord Pas-de-Calais Diagnostics"},"image":{"@id":"https:\/\/diagnosticimmobiliers.net\/#\/schema\/logo\/image\/"}}]}},"_links":{"self":[{"href":"https:\/\/diagnosticimmobiliers.net\/index.php\/wp-json\/wp\/v2\/pages\/10078","targetHints":{"allow":["GET"]}}],"collection":[{"href":"https:\/\/diagnosticimmobiliers.net\/index.php\/wp-json\/wp\/v2\/pages"}],"about":[{"href":"https:\/\/diagnosticimmobiliers.net\/index.php\/wp-json\/wp\/v2\/types\/page"}],"author":[{"embeddable":true,"href":"https:\/\/diagnosticimmobiliers.net\/index.php\/wp-json\/wp\/v2\/users\/1"}],"replies":[{"embeddable":true,"href":"https:\/\/diagnosticimmobiliers.net\/index.php\/wp-json\/wp\/v2\/comments?post=10078"}],"version-history":[{"count":2,"href":"https:\/\/diagnosticimmobiliers.net\/index.php\/wp-json\/wp\/v2\/pages\/10078\/revisions"}],"predecessor-version":[{"id":10119,"href":"https:\/\/diagnosticimmobiliers.net\/index.php\/wp-json\/wp\/v2\/pages\/10078\/revisions\/10119"}],"wp:attachment":[{"href":"https:\/\/diagnosticimmobiliers.net\/index.php\/wp-json\/wp\/v2\/media?parent=10078"}],"curies":[{"name":"wp","href":"https:\/\/api.w.org\/{rel}","templated":true}]}}