{"id":10087,"date":"2024-03-07T08:59:24","date_gmt":"2024-03-07T07:59:24","guid":{"rendered":"https:\/\/diagnosticimmobiliers.net\/?page_id=10087"},"modified":"2024-03-07T08:59:24","modified_gmt":"2024-03-07T07:59:24","slug":"nos-anciennes-certifications","status":"publish","type":"page","link":"https:\/\/diagnosticimmobiliers.net\/index.php\/nos-anciennes-certifications\/","title":{"rendered":"Nos anciennes certifications"},"content":{"rendered":"\n<div class=\"wp-block-columns is-layout-flex wp-container-core-columns-is-layout-28f84493 wp-block-columns-is-layout-flex\">\n<div class=\"wp-block-column is-layout-flow wp-block-column-is-layout-flow\">\n<h2 class=\"wp-block-heading has-text-align-center\">P\u00e9riode 2010 \u00e0 2015<\/h2>\n\n\n\n<figure class=\"wp-block-image size-large\"><img fetchpriority=\"high\" decoding=\"async\" width=\"707\" height=\"1024\" src=\"https:\/\/diagnosticimmobiliers.net\/wp-content\/uploads\/2024\/03\/Certifications-jpeg-707x1024.jpg\" alt=\"\" class=\"wp-image-10088\" srcset=\"https:\/\/diagnosticimmobiliers.net\/wp-content\/uploads\/2024\/03\/Certifications-jpeg-707x1024.jpg 707w, https:\/\/diagnosticimmobiliers.net\/wp-content\/uploads\/2024\/03\/Certifications-jpeg-207x300.jpg 207w, https:\/\/diagnosticimmobiliers.net\/wp-content\/uploads\/2024\/03\/Certifications-jpeg-768x1112.jpg 768w, https:\/\/diagnosticimmobiliers.net\/wp-content\/uploads\/2024\/03\/Certifications-jpeg-1060x1536.jpg 1060w, https:\/\/diagnosticimmobiliers.net\/wp-content\/uploads\/2024\/03\/Certifications-jpeg-1414x2048.jpg 1414w, https:\/\/diagnosticimmobiliers.net\/wp-content\/uploads\/2024\/03\/Certifications-jpeg-2000x2897.jpg 2000w, https:\/\/diagnosticimmobiliers.net\/wp-content\/uploads\/2024\/03\/Certifications-jpeg-1000x1448.jpg 1000w, https:\/\/diagnosticimmobiliers.net\/wp-content\/uploads\/2024\/03\/Certifications-jpeg-1800x2607.jpg 1800w, https:\/\/diagnosticimmobiliers.net\/wp-content\/uploads\/2024\/03\/Certifications-jpeg-387x560.jpg 387w, https:\/\/diagnosticimmobiliers.net\/wp-content\/uploads\/2024\/03\/Certifications-jpeg-600x869.jpg 600w, https:\/\/diagnosticimmobiliers.net\/wp-content\/uploads\/2024\/03\/Certifications-jpeg-scaled.jpg 1767w\" sizes=\"(max-width: 707px) 100vw, 707px\" \/><\/figure>\n<\/div>\n\n\n\n<div class=\"wp-block-column is-layout-flow wp-block-column-is-layout-flow\">\n<h2 class=\"wp-block-heading has-text-align-center\">P\u00e9riode 2015 \u00e0 2020<\/h2>\n\n\n\n<figure class=\"wp-block-image size-large\"><img decoding=\"async\" width=\"724\" height=\"1024\" src=\"https:\/\/diagnosticimmobiliers.net\/wp-content\/uploads\/2024\/03\/CPDI1390-v04-PAWLAK-Jacques-724x1024.jpg\" alt=\"\" class=\"wp-image-10090\" srcset=\"https:\/\/diagnosticimmobiliers.net\/wp-content\/uploads\/2024\/03\/CPDI1390-v04-PAWLAK-Jacques-724x1024.jpg 724w, https:\/\/diagnosticimmobiliers.net\/wp-content\/uploads\/2024\/03\/CPDI1390-v04-PAWLAK-Jacques-212x300.jpg 212w, https:\/\/diagnosticimmobiliers.net\/wp-content\/uploads\/2024\/03\/CPDI1390-v04-PAWLAK-Jacques-768x1087.jpg 768w, https:\/\/diagnosticimmobiliers.net\/wp-content\/uploads\/2024\/03\/CPDI1390-v04-PAWLAK-Jacques-1085x1536.jpg 1085w, https:\/\/diagnosticimmobiliers.net\/wp-content\/uploads\/2024\/03\/CPDI1390-v04-PAWLAK-Jacques-1447x2048.jpg 1447w, https:\/\/diagnosticimmobiliers.net\/wp-content\/uploads\/2024\/03\/CPDI1390-v04-PAWLAK-Jacques-2000x2830.jpg 2000w, https:\/\/diagnosticimmobiliers.net\/wp-content\/uploads\/2024\/03\/CPDI1390-v04-PAWLAK-Jacques-1000x1415.jpg 1000w, https:\/\/diagnosticimmobiliers.net\/wp-content\/uploads\/2024\/03\/CPDI1390-v04-PAWLAK-Jacques-1800x2547.jpg 1800w, https:\/\/diagnosticimmobiliers.net\/wp-content\/uploads\/2024\/03\/CPDI1390-v04-PAWLAK-Jacques-396x560.jpg 396w, https:\/\/diagnosticimmobiliers.net\/wp-content\/uploads\/2024\/03\/CPDI1390-v04-PAWLAK-Jacques-600x849.jpg 600w, https:\/\/diagnosticimmobiliers.net\/wp-content\/uploads\/2024\/03\/CPDI1390-v04-PAWLAK-Jacques-scaled.jpg 1809w\" sizes=\"(max-width: 724px) 100vw, 724px\" \/><\/figure>\n<\/div>\n<\/div>\n","protected":false},"excerpt":{"rendered":"<p>P\u00e9riode 2010 \u00e0 2015 P\u00e9riode 2015 \u00e0 2020<\/p>\n","protected":false},"author":1,"featured_media":0,"parent":0,"menu_order":0,"comment_status":"closed","ping_status":"closed","template":"","meta":{"footnotes":""},"class_list":["post-10087","page","type-page","status-publish","hentry"],"yoast_head":"<!-- This site is optimized with the Yoast SEO plugin v22.7 - https:\/\/yoast.com\/wordpress\/plugins\/seo\/ -->\n<title>Nos anciennes certifications -<\/title>\n<meta name=\"robots\" content=\"index, follow, max-snippet:-1, max-image-preview:large, max-video-preview:-1\" \/>\n<link rel=\"canonical\" href=\"https:\/\/diagnosticimmobiliers.net\/index.php\/nos-anciennes-certifications\/\" \/>\n<meta property=\"og:locale\" content=\"fr_FR\" \/>\n<meta property=\"og:type\" content=\"article\" \/>\n<meta property=\"og:title\" content=\"Nos anciennes certifications -\" \/>\n<meta property=\"og:description\" content=\"P\u00e9riode 2010 \u00e0 2015 P\u00e9riode 2015 \u00e0 2020\" \/>\n<meta property=\"og:url\" content=\"https:\/\/diagnosticimmobiliers.net\/index.php\/nos-anciennes-certifications\/\" \/>\n<meta property=\"og:image\" content=\"https:\/\/diagnosticimmobiliers.net\/wp-content\/uploads\/2024\/03\/Certifications-jpeg-707x1024.jpg\" \/>\n<meta name=\"twitter:card\" content=\"summary_large_image\" \/>\n<script type=\"application\/ld+json\" class=\"yoast-schema-graph\">{\"@context\":\"https:\/\/schema.org\",\"@graph\":[{\"@type\":\"WebPage\",\"@id\":\"https:\/\/diagnosticimmobiliers.net\/index.php\/nos-anciennes-certifications\/\",\"url\":\"https:\/\/diagnosticimmobiliers.net\/index.php\/nos-anciennes-certifications\/\",\"name\":\"Nos anciennes certifications -\",\"isPartOf\":{\"@id\":\"https:\/\/diagnosticimmobiliers.net\/#website\"},\"primaryImageOfPage\":{\"@id\":\"https:\/\/diagnosticimmobiliers.net\/index.php\/nos-anciennes-certifications\/#primaryimage\"},\"image\":{\"@id\":\"https:\/\/diagnosticimmobiliers.net\/index.php\/nos-anciennes-certifications\/#primaryimage\"},\"thumbnailUrl\":\"https:\/\/diagnosticimmobiliers.net\/wp-content\/uploads\/2024\/03\/Certifications-jpeg-707x1024.jpg\",\"datePublished\":\"2024-03-07T07:59:24+00:00\",\"dateModified\":\"2024-03-07T07:59:24+00:00\",\"breadcrumb\":{\"@id\":\"https:\/\/diagnosticimmobiliers.net\/index.php\/nos-anciennes-certifications\/#breadcrumb\"},\"inLanguage\":\"fr-FR\",\"potentialAction\":[{\"@type\":\"ReadAction\",\"target\":[\"https:\/\/diagnosticimmobiliers.net\/index.php\/nos-anciennes-certifications\/\"]}]},{\"@type\":\"ImageObject\",\"inLanguage\":\"fr-FR\",\"@id\":\"https:\/\/diagnosticimmobiliers.net\/index.php\/nos-anciennes-certifications\/#primaryimage\",\"url\":\"https:\/\/diagnosticimmobiliers.net\/wp-content\/uploads\/2024\/03\/Certifications-jpeg-scaled.jpg\",\"contentUrl\":\"https:\/\/diagnosticimmobiliers.net\/wp-content\/uploads\/2024\/03\/Certifications-jpeg-scaled.jpg\",\"width\":1767,\"height\":2560},{\"@type\":\"BreadcrumbList\",\"@id\":\"https:\/\/diagnosticimmobiliers.net\/index.php\/nos-anciennes-certifications\/#breadcrumb\",\"itemListElement\":[{\"@type\":\"ListItem\",\"position\":1,\"name\":\"Accueil\",\"item\":\"https:\/\/diagnosticimmobiliers.net\/\"},{\"@type\":\"ListItem\",\"position\":2,\"name\":\"Nos anciennes certifications\"}]},{\"@type\":\"WebSite\",\"@id\":\"https:\/\/diagnosticimmobiliers.net\/#website\",\"url\":\"https:\/\/diagnosticimmobiliers.net\/\",\"name\":\"diagnosticimmobiliers.net\",\"description\":\"\",\"publisher\":{\"@id\":\"https:\/\/diagnosticimmobiliers.net\/#organization\"},\"potentialAction\":[{\"@type\":\"SearchAction\",\"target\":{\"@type\":\"EntryPoint\",\"urlTemplate\":\"https:\/\/diagnosticimmobiliers.net\/?s={search_term_string}\"},\"query-input\":\"required name=search_term_string\"}],\"inLanguage\":\"fr-FR\"},{\"@type\":\"Organization\",\"@id\":\"https:\/\/diagnosticimmobiliers.net\/#organization\",\"name\":\"Nord Pas-de-Calais Diagnostics\",\"url\":\"https:\/\/diagnosticimmobiliers.net\/\",\"logo\":{\"@type\":\"ImageObject\",\"inLanguage\":\"fr-FR\",\"@id\":\"https:\/\/diagnosticimmobiliers.net\/#\/schema\/logo\/image\/\",\"url\":\"https:\/\/diagnosticimmobiliers.net\/wp-content\/uploads\/2024\/02\/energie-loupe-copie-2.png\",\"contentUrl\":\"https:\/\/diagnosticimmobiliers.net\/wp-content\/uploads\/2024\/02\/energie-loupe-copie-2.png\",\"width\":1000,\"height\":949,\"caption\":\"Nord Pas-de-Calais Diagnostics\"},\"image\":{\"@id\":\"https:\/\/diagnosticimmobiliers.net\/#\/schema\/logo\/image\/\"}}]}<\/script>\n<!-- \/ Yoast SEO plugin. -->","yoast_head_json":{"title":"Nos anciennes certifications -","robots":{"index":"index","follow":"follow","max-snippet":"max-snippet:-1","max-image-preview":"max-image-preview:large","max-video-preview":"max-video-preview:-1"},"canonical":"https:\/\/diagnosticimmobiliers.net\/index.php\/nos-anciennes-certifications\/","og_locale":"fr_FR","og_type":"article","og_title":"Nos anciennes certifications -","og_description":"P\u00e9riode 2010 \u00e0 2015 P\u00e9riode 2015 \u00e0 2020","og_url":"https:\/\/diagnosticimmobiliers.net\/index.php\/nos-anciennes-certifications\/","og_image":[{"url":"https:\/\/diagnosticimmobiliers.net\/wp-content\/uploads\/2024\/03\/Certifications-jpeg-707x1024.jpg"}],"twitter_card":"summary_large_image","schema":{"@context":"https:\/\/schema.org","@graph":[{"@type":"WebPage","@id":"https:\/\/diagnosticimmobiliers.net\/index.php\/nos-anciennes-certifications\/","url":"https:\/\/diagnosticimmobiliers.net\/index.php\/nos-anciennes-certifications\/","name":"Nos anciennes certifications -","isPartOf":{"@id":"https:\/\/diagnosticimmobiliers.net\/#website"},"primaryImageOfPage":{"@id":"https:\/\/diagnosticimmobiliers.net\/index.php\/nos-anciennes-certifications\/#primaryimage"},"image":{"@id":"https:\/\/diagnosticimmobiliers.net\/index.php\/nos-anciennes-certifications\/#primaryimage"},"thumbnailUrl":"https:\/\/diagnosticimmobiliers.net\/wp-content\/uploads\/2024\/03\/Certifications-jpeg-707x1024.jpg","datePublished":"2024-03-07T07:59:24+00:00","dateModified":"2024-03-07T07:59:24+00:00","breadcrumb":{"@id":"https:\/\/diagnosticimmobiliers.net\/index.php\/nos-anciennes-certifications\/#breadcrumb"},"inLanguage":"fr-FR","potentialAction":[{"@type":"ReadAction","target":["https:\/\/diagnosticimmobiliers.net\/index.php\/nos-anciennes-certifications\/"]}]},{"@type":"ImageObject","inLanguage":"fr-FR","@id":"https:\/\/diagnosticimmobiliers.net\/index.php\/nos-anciennes-certifications\/#primaryimage","url":"https:\/\/diagnosticimmobiliers.net\/wp-content\/uploads\/2024\/03\/Certifications-jpeg-scaled.jpg","contentUrl":"https:\/\/diagnosticimmobiliers.net\/wp-content\/uploads\/2024\/03\/Certifications-jpeg-scaled.jpg","width":1767,"height":2560},{"@type":"BreadcrumbList","@id":"https:\/\/diagnosticimmobiliers.net\/index.php\/nos-anciennes-certifications\/#breadcrumb","itemListElement":[{"@type":"ListItem","position":1,"name":"Accueil","item":"https:\/\/diagnosticimmobiliers.net\/"},{"@type":"ListItem","position":2,"name":"Nos anciennes certifications"}]},{"@type":"WebSite","@id":"https:\/\/diagnosticimmobiliers.net\/#website","url":"https:\/\/diagnosticimmobiliers.net\/","name":"diagnosticimmobiliers.net","description":"","publisher":{"@id":"https:\/\/diagnosticimmobiliers.net\/#organization"},"potentialAction":[{"@type":"SearchAction","target":{"@type":"EntryPoint","urlTemplate":"https:\/\/diagnosticimmobiliers.net\/?s={search_term_string}"},"query-input":"required name=search_term_string"}],"inLanguage":"fr-FR"},{"@type":"Organization","@id":"https:\/\/diagnosticimmobiliers.net\/#organization","name":"Nord Pas-de-Calais Diagnostics","url":"https:\/\/diagnosticimmobiliers.net\/","logo":{"@type":"ImageObject","inLanguage":"fr-FR","@id":"https:\/\/diagnosticimmobiliers.net\/#\/schema\/logo\/image\/","url":"https:\/\/diagnosticimmobiliers.net\/wp-content\/uploads\/2024\/02\/energie-loupe-copie-2.png","contentUrl":"https:\/\/diagnosticimmobiliers.net\/wp-content\/uploads\/2024\/02\/energie-loupe-copie-2.png","width":1000,"height":949,"caption":"Nord Pas-de-Calais Diagnostics"},"image":{"@id":"https:\/\/diagnosticimmobiliers.net\/#\/schema\/logo\/image\/"}}]}},"_links":{"self":[{"href":"https:\/\/diagnosticimmobiliers.net\/index.php\/wp-json\/wp\/v2\/pages\/10087","targetHints":{"allow":["GET"]}}],"collection":[{"href":"https:\/\/diagnosticimmobiliers.net\/index.php\/wp-json\/wp\/v2\/pages"}],"about":[{"href":"https:\/\/diagnosticimmobiliers.net\/index.php\/wp-json\/wp\/v2\/types\/page"}],"author":[{"embeddable":true,"href":"https:\/\/diagnosticimmobiliers.net\/index.php\/wp-json\/wp\/v2\/users\/1"}],"replies":[{"embeddable":true,"href":"https:\/\/diagnosticimmobiliers.net\/index.php\/wp-json\/wp\/v2\/comments?post=10087"}],"version-history":[{"count":1,"href":"https:\/\/diagnosticimmobiliers.net\/index.php\/wp-json\/wp\/v2\/pages\/10087\/revisions"}],"predecessor-version":[{"id":10091,"href":"https:\/\/diagnosticimmobiliers.net\/index.php\/wp-json\/wp\/v2\/pages\/10087\/revisions\/10091"}],"wp:attachment":[{"href":"https:\/\/diagnosticimmobiliers.net\/index.php\/wp-json\/wp\/v2\/media?parent=10087"}],"curies":[{"name":"wp","href":"https:\/\/api.w.org\/{rel}","templated":true}]}}