{"id":10105,"date":"2024-03-07T09:12:19","date_gmt":"2024-03-07T08:12:19","guid":{"rendered":"https:\/\/diagnosticimmobiliers.net\/?page_id=10105"},"modified":"2024-03-07T09:12:19","modified_gmt":"2024-03-07T08:12:19","slug":"textes-de-references-reglementaires","status":"publish","type":"page","link":"https:\/\/diagnosticimmobiliers.net\/index.php\/textes-de-references-reglementaires\/","title":{"rendered":"Textes de r\u00e9f\u00e9rences r\u00e9glementaires"},"content":{"rendered":"\n<p>Etat des risques naturels, miniers et Technologiques<\/p>\n\n\n\n<p>Code de l&rsquo;environnement : article L125-5<br>D\u00e9cret n\u00b0 2006-1653 du 21 d\u00e9cembre 2006 relatif aux dur\u00e9es de validit\u00e9 des documents constituant le dossier de diagnostic technique<br>Etat de L&rsquo;installation int\u00e9rieure d&rsquo;\u00e9lectricit\u00e9<\/p>\n\n\n\n<p>Code de la construction et de l&rsquo;habitation : article L134-7<br>Code de la construction et de l&rsquo;habitation : articles R134-6 \u00e0 R134-9<br>Code de la construction et de l&rsquo;habitation : articles L271-4 \u00e0 L271-6<br>D\u00e9cret n\u00b0 2006-1653 du 21 d\u00e9cembre 2006 relatif aux dur\u00e9es de validit\u00e9 des documents constituant le dossier de diagnostic technique<br>Etat de L&rsquo;installation Int\u00e9rieure de Gaz<\/p>\n\n\n\n<p>Code de la construction et de l&rsquo;habitation : Articles L134-6, L271-4 et suivants<br>D\u00e9cret n\u00b0 2006-1653 du 21 d\u00e9cembre 2006 relatif aux dur\u00e9es de validit\u00e9 des documents constituant le dossier de diagnostic technique<br>Diagnostic Amiante<\/p>\n\n\n\n<p>Code de la sant\u00e9 publique : Articles R1334-14 \u00e0 R1334-21<br>Article annexe 13-9 du Code de la sant\u00e9 publique relatif au programme de rep\u00e9rage de l&rsquo;amiante : Pour conna\u00eetre pr\u00e9cis\u00e9ment la liste des mat\u00e9riaux et produits \u00e0 v\u00e9rifier<br>Arr\u00eat\u00e9 du 12 d\u00e9cembre 2008 portant agr\u00e9ment d&rsquo;organismes habilit\u00e9s \u00e0 proc\u00e9der aux mesures de la concentration d&rsquo;amiante<br>D\u00e9cret n\u00b0 2006-1653 du 21 d\u00e9cembre 2006 relatif aux dur\u00e9es de validit\u00e9 des documents constituant le dossier de diagnostic technique<br>Constat de risque d&rsquo;exposition au plomb<\/p>\n\n\n\n<p>Code de la sant\u00e9 publique : Articles L1334-5 \u00e0 L1334-13 et R1334-4 \u00e0 R1334-12<br>D\u00e9cret n\u00b0 2006-1653 du 21 d\u00e9cembre 2006 relatif aux dur\u00e9es de validit\u00e9 des documents constituant le dossier de diagnostic technique<br>Diagnostic de Performance Energ\u00e9tique<\/p>\n\n\n\n<p>Code de la construction et de l&rsquo;habitation : articles L134-1 \u00e0 L134-5<br>Code de la construction et de l&rsquo;habitation : articles R134-1 \u00e0 R134-5<br>D\u00e9cret n\u00b0 2006-1653 du 21 d\u00e9cembre 2006 relatif aux dur\u00e9es de validit\u00e9 des documents constituant le dossier de diagnostic technique<br>Arr\u00eat\u00e9 du 21 septembre 2007 relatif au diagnostic de performance \u00e9nerg\u00e9tique<\/p>\n","protected":false},"excerpt":{"rendered":"<p>Etat des risques naturels, miniers et Technologiques Code de l&rsquo;environnement : article L125-5D\u00e9cret n\u00b0 2006-1653 du 21 d\u00e9cembre 2006 relatif aux dur\u00e9es de validit\u00e9 des documents constituant le dossier de diagnostic techniqueEtat de L&rsquo;installation int\u00e9rieure d&rsquo;\u00e9lectricit\u00e9 Code de la construction et de l&rsquo;habitation : article L134-7Code de la construction et [&hellip;]<\/p>\n","protected":false},"author":1,"featured_media":0,"parent":0,"menu_order":0,"comment_status":"closed","ping_status":"closed","template":"","meta":{"footnotes":""},"class_list":["post-10105","page","type-page","status-publish","hentry"],"yoast_head":"<!-- This site is optimized with the Yoast SEO plugin v22.7 - https:\/\/yoast.com\/wordpress\/plugins\/seo\/ -->\n<title>Textes de r\u00e9f\u00e9rences r\u00e9glementaires -<\/title>\n<meta name=\"robots\" content=\"index, follow, max-snippet:-1, max-image-preview:large, max-video-preview:-1\" \/>\n<link rel=\"canonical\" href=\"https:\/\/diagnosticimmobiliers.net\/index.php\/textes-de-references-reglementaires\/\" \/>\n<meta property=\"og:locale\" content=\"fr_FR\" \/>\n<meta property=\"og:type\" content=\"article\" \/>\n<meta property=\"og:title\" content=\"Textes de r\u00e9f\u00e9rences r\u00e9glementaires -\" \/>\n<meta property=\"og:description\" content=\"Etat des risques naturels, miniers et Technologiques Code de l&rsquo;environnement : article L125-5D\u00e9cret n\u00b0 2006-1653 du 21 d\u00e9cembre 2006 relatif aux dur\u00e9es de validit\u00e9 des documents constituant le dossier de diagnostic techniqueEtat de L&rsquo;installation int\u00e9rieure d&rsquo;\u00e9lectricit\u00e9 Code de la construction et de l&rsquo;habitation : article L134-7Code de la construction et [&hellip;]\" \/>\n<meta property=\"og:url\" content=\"https:\/\/diagnosticimmobiliers.net\/index.php\/textes-de-references-reglementaires\/\" \/>\n<meta name=\"twitter:card\" content=\"summary_large_image\" \/>\n<meta name=\"twitter:label1\" content=\"Dur\u00e9e de lecture estim\u00e9e\" \/>\n\t<meta name=\"twitter:data1\" content=\"2 minutes\" \/>\n<script type=\"application\/ld+json\" class=\"yoast-schema-graph\">{\"@context\":\"https:\/\/schema.org\",\"@graph\":[{\"@type\":\"WebPage\",\"@id\":\"https:\/\/diagnosticimmobiliers.net\/index.php\/textes-de-references-reglementaires\/\",\"url\":\"https:\/\/diagnosticimmobiliers.net\/index.php\/textes-de-references-reglementaires\/\",\"name\":\"Textes de r\u00e9f\u00e9rences r\u00e9glementaires -\",\"isPartOf\":{\"@id\":\"https:\/\/diagnosticimmobiliers.net\/#website\"},\"datePublished\":\"2024-03-07T08:12:19+00:00\",\"dateModified\":\"2024-03-07T08:12:19+00:00\",\"breadcrumb\":{\"@id\":\"https:\/\/diagnosticimmobiliers.net\/index.php\/textes-de-references-reglementaires\/#breadcrumb\"},\"inLanguage\":\"fr-FR\",\"potentialAction\":[{\"@type\":\"ReadAction\",\"target\":[\"https:\/\/diagnosticimmobiliers.net\/index.php\/textes-de-references-reglementaires\/\"]}]},{\"@type\":\"BreadcrumbList\",\"@id\":\"https:\/\/diagnosticimmobiliers.net\/index.php\/textes-de-references-reglementaires\/#breadcrumb\",\"itemListElement\":[{\"@type\":\"ListItem\",\"position\":1,\"name\":\"Accueil\",\"item\":\"https:\/\/diagnosticimmobiliers.net\/\"},{\"@type\":\"ListItem\",\"position\":2,\"name\":\"Textes de r\u00e9f\u00e9rences r\u00e9glementaires\"}]},{\"@type\":\"WebSite\",\"@id\":\"https:\/\/diagnosticimmobiliers.net\/#website\",\"url\":\"https:\/\/diagnosticimmobiliers.net\/\",\"name\":\"diagnosticimmobiliers.net\",\"description\":\"\",\"publisher\":{\"@id\":\"https:\/\/diagnosticimmobiliers.net\/#organization\"},\"potentialAction\":[{\"@type\":\"SearchAction\",\"target\":{\"@type\":\"EntryPoint\",\"urlTemplate\":\"https:\/\/diagnosticimmobiliers.net\/?s={search_term_string}\"},\"query-input\":\"required name=search_term_string\"}],\"inLanguage\":\"fr-FR\"},{\"@type\":\"Organization\",\"@id\":\"https:\/\/diagnosticimmobiliers.net\/#organization\",\"name\":\"Nord Pas-de-Calais Diagnostics\",\"url\":\"https:\/\/diagnosticimmobiliers.net\/\",\"logo\":{\"@type\":\"ImageObject\",\"inLanguage\":\"fr-FR\",\"@id\":\"https:\/\/diagnosticimmobiliers.net\/#\/schema\/logo\/image\/\",\"url\":\"https:\/\/diagnosticimmobiliers.net\/wp-content\/uploads\/2024\/02\/energie-loupe-copie-2.png\",\"contentUrl\":\"https:\/\/diagnosticimmobiliers.net\/wp-content\/uploads\/2024\/02\/energie-loupe-copie-2.png\",\"width\":1000,\"height\":949,\"caption\":\"Nord Pas-de-Calais Diagnostics\"},\"image\":{\"@id\":\"https:\/\/diagnosticimmobiliers.net\/#\/schema\/logo\/image\/\"}}]}<\/script>\n<!-- \/ Yoast SEO plugin. -->","yoast_head_json":{"title":"Textes de r\u00e9f\u00e9rences r\u00e9glementaires -","robots":{"index":"index","follow":"follow","max-snippet":"max-snippet:-1","max-image-preview":"max-image-preview:large","max-video-preview":"max-video-preview:-1"},"canonical":"https:\/\/diagnosticimmobiliers.net\/index.php\/textes-de-references-reglementaires\/","og_locale":"fr_FR","og_type":"article","og_title":"Textes de r\u00e9f\u00e9rences r\u00e9glementaires -","og_description":"Etat des risques naturels, miniers et Technologiques Code de l&rsquo;environnement : article L125-5D\u00e9cret n\u00b0 2006-1653 du 21 d\u00e9cembre 2006 relatif aux dur\u00e9es de validit\u00e9 des documents constituant le dossier de diagnostic techniqueEtat de L&rsquo;installation int\u00e9rieure d&rsquo;\u00e9lectricit\u00e9 Code de la construction et de l&rsquo;habitation : article L134-7Code de la construction et [&hellip;]","og_url":"https:\/\/diagnosticimmobiliers.net\/index.php\/textes-de-references-reglementaires\/","twitter_card":"summary_large_image","twitter_misc":{"Dur\u00e9e de lecture estim\u00e9e":"2 minutes"},"schema":{"@context":"https:\/\/schema.org","@graph":[{"@type":"WebPage","@id":"https:\/\/diagnosticimmobiliers.net\/index.php\/textes-de-references-reglementaires\/","url":"https:\/\/diagnosticimmobiliers.net\/index.php\/textes-de-references-reglementaires\/","name":"Textes de r\u00e9f\u00e9rences r\u00e9glementaires -","isPartOf":{"@id":"https:\/\/diagnosticimmobiliers.net\/#website"},"datePublished":"2024-03-07T08:12:19+00:00","dateModified":"2024-03-07T08:12:19+00:00","breadcrumb":{"@id":"https:\/\/diagnosticimmobiliers.net\/index.php\/textes-de-references-reglementaires\/#breadcrumb"},"inLanguage":"fr-FR","potentialAction":[{"@type":"ReadAction","target":["https:\/\/diagnosticimmobiliers.net\/index.php\/textes-de-references-reglementaires\/"]}]},{"@type":"BreadcrumbList","@id":"https:\/\/diagnosticimmobiliers.net\/index.php\/textes-de-references-reglementaires\/#breadcrumb","itemListElement":[{"@type":"ListItem","position":1,"name":"Accueil","item":"https:\/\/diagnosticimmobiliers.net\/"},{"@type":"ListItem","position":2,"name":"Textes de r\u00e9f\u00e9rences r\u00e9glementaires"}]},{"@type":"WebSite","@id":"https:\/\/diagnosticimmobiliers.net\/#website","url":"https:\/\/diagnosticimmobiliers.net\/","name":"diagnosticimmobiliers.net","description":"","publisher":{"@id":"https:\/\/diagnosticimmobiliers.net\/#organization"},"potentialAction":[{"@type":"SearchAction","target":{"@type":"EntryPoint","urlTemplate":"https:\/\/diagnosticimmobiliers.net\/?s={search_term_string}"},"query-input":"required name=search_term_string"}],"inLanguage":"fr-FR"},{"@type":"Organization","@id":"https:\/\/diagnosticimmobiliers.net\/#organization","name":"Nord Pas-de-Calais Diagnostics","url":"https:\/\/diagnosticimmobiliers.net\/","logo":{"@type":"ImageObject","inLanguage":"fr-FR","@id":"https:\/\/diagnosticimmobiliers.net\/#\/schema\/logo\/image\/","url":"https:\/\/diagnosticimmobiliers.net\/wp-content\/uploads\/2024\/02\/energie-loupe-copie-2.png","contentUrl":"https:\/\/diagnosticimmobiliers.net\/wp-content\/uploads\/2024\/02\/energie-loupe-copie-2.png","width":1000,"height":949,"caption":"Nord Pas-de-Calais Diagnostics"},"image":{"@id":"https:\/\/diagnosticimmobiliers.net\/#\/schema\/logo\/image\/"}}]}},"_links":{"self":[{"href":"https:\/\/diagnosticimmobiliers.net\/index.php\/wp-json\/wp\/v2\/pages\/10105","targetHints":{"allow":["GET"]}}],"collection":[{"href":"https:\/\/diagnosticimmobiliers.net\/index.php\/wp-json\/wp\/v2\/pages"}],"about":[{"href":"https:\/\/diagnosticimmobiliers.net\/index.php\/wp-json\/wp\/v2\/types\/page"}],"author":[{"embeddable":true,"href":"https:\/\/diagnosticimmobiliers.net\/index.php\/wp-json\/wp\/v2\/users\/1"}],"replies":[{"embeddable":true,"href":"https:\/\/diagnosticimmobiliers.net\/index.php\/wp-json\/wp\/v2\/comments?post=10105"}],"version-history":[{"count":1,"href":"https:\/\/diagnosticimmobiliers.net\/index.php\/wp-json\/wp\/v2\/pages\/10105\/revisions"}],"predecessor-version":[{"id":10106,"href":"https:\/\/diagnosticimmobiliers.net\/index.php\/wp-json\/wp\/v2\/pages\/10105\/revisions\/10106"}],"wp:attachment":[{"href":"https:\/\/diagnosticimmobiliers.net\/index.php\/wp-json\/wp\/v2\/media?parent=10105"}],"curies":[{"name":"wp","href":"https:\/\/api.w.org\/{rel}","templated":true}]}}