{"id":9810,"date":"2024-02-27T17:38:58","date_gmt":"2024-02-27T16:38:58","guid":{"rendered":"https:\/\/diagnosticimmobiliers.net\/?page_id=9810"},"modified":"2024-03-07T09:17:10","modified_gmt":"2024-03-07T08:17:10","slug":"accueil","status":"publish","type":"page","link":"https:\/\/diagnosticimmobiliers.net\/","title":{"rendered":"Accueil"},"content":{"rendered":"\n<p class=\"has-text-align-center has-large-font-size\">Bienvenue sur le site de <br><strong>Nord Pas-de-Calais Diagnostics<\/strong><\/p>\n\n\n\n<div class=\"wp-block-media-text alignwide is-stacked-on-mobile\" style=\"grid-template-columns:39% auto\"><figure class=\"wp-block-media-text__media\"><img fetchpriority=\"high\" decoding=\"async\" width=\"1000\" height=\"949\" src=\"https:\/\/diagnosticimmobiliers.net\/wp-content\/uploads\/2024\/02\/energie-loupe-copie.png\" alt=\"\" class=\"wp-image-9841 size-full\" srcset=\"https:\/\/diagnosticimmobiliers.net\/wp-content\/uploads\/2024\/02\/energie-loupe-copie.png 1000w, https:\/\/diagnosticimmobiliers.net\/wp-content\/uploads\/2024\/02\/energie-loupe-copie-300x285.png 300w, https:\/\/diagnosticimmobiliers.net\/wp-content\/uploads\/2024\/02\/energie-loupe-copie-768x729.png 768w, https:\/\/diagnosticimmobiliers.net\/wp-content\/uploads\/2024\/02\/energie-loupe-copie-590x560.png 590w, https:\/\/diagnosticimmobiliers.net\/wp-content\/uploads\/2024\/02\/energie-loupe-copie-600x569.png 600w\" sizes=\"(max-width: 1000px) 100vw, 1000px\" \/><\/figure><div class=\"wp-block-media-text__content\">\n<p class=\"has-medium-font-size\"><strong>Pour vendre ou louer un logement<\/strong>, pour l&rsquo;amiante, le plomb, la performance \u00e9nerg\u00e9tique (DPE), l&rsquo;\u00e9lectricit\u00e9, le gaz, l&rsquo;\u00e9tat des risques et pollutions, les surfaces Carrez ou Boutin, nos op\u00e9rateurs certifi\u00e9s sont \u00e9quip\u00e9s des outils techniques n\u00e9cessaires \u00e0 la r\u00e9alisation de vos diagnostics immobiliers.<\/p>\n\n\n\n<p class=\"has-medium-font-size\">Nous intervenons sur l&rsquo;ensemble de la r\u00e9gion Nord Pas de Calais avec des tarifs avantageux directement affich\u00e9s et consultables sur ce site.<\/p>\n\n\n\n<div class=\"wp-block-buttons is-content-justification-center is-layout-flex wp-container-core-buttons-is-layout-f2baa792 wp-block-buttons-is-layout-flex\">\n<div class=\"wp-block-button has-custom-width wp-block-button__width-50 has-custom-font-size has-medium-font-size\"><a class=\"wp-block-button__link has-white-color has-secondary-background-color has-text-color has-background has-link-color wp-element-button\" href=\"https:\/\/diagnosticimmobiliers.net\/index.php\/tarifs\/\" style=\"border-style:none;border-width:0px;border-radius:0px\"><strong>Voir nos tarifs<\/strong><\/a><\/div>\n<\/div>\n<\/div><\/div>\n\n\n\n<div style=\"height:48px\" aria-hidden=\"true\" class=\"wp-block-spacer\"><\/div>\n\n\n\n<hr class=\"wp-block-separator has-alpha-channel-opacity\"\/>\n\n\n\n<div style=\"height:38px\" aria-hidden=\"true\" class=\"wp-block-spacer\"><\/div>\n\n\n\n<div class=\"wp-block-group alignfull has-background has-global-padding is-layout-constrained wp-block-group-is-layout-constrained\" style=\"background-color:#011233\">\n<div class=\"wp-block-media-text alignwide has-media-on-the-right is-stacked-on-mobile\"><div class=\"wp-block-media-text__content\">\n<h2 class=\"wp-block-heading has-text-align-left has-white-color has-text-color has-link-color wp-elements-2f4785ebdf5ef4023fc1b9ed3e242ea7\">Pourquoi faire appel \u00e0 nous ?<\/h2>\n\n\n\n<ul class=\"has-white-color has-text-color has-link-color wp-block-list wp-elements-0b0c50a02b30bd7581068eaf368252ac\">\n<li class=\"has-medium-font-size\">Des tarifs attractifs<\/li>\n\n\n\n<li class=\"has-medium-font-size\">Des op\u00e9rateurs certifi\u00e9s et exp\u00e9riment\u00e9s<\/li>\n\n\n\n<li class=\"has-medium-font-size\">Vos rapports en 24 heures<\/li>\n<\/ul>\n<\/div><figure class=\"wp-block-media-text__media\"><img decoding=\"async\" width=\"612\" height=\"382\" src=\"https:\/\/diagnosticimmobiliers.net\/wp-content\/uploads\/2024\/02\/istockphoto-1157133749-612x612-1.jpg\" alt=\"\" class=\"wp-image-9896 size-full\" srcset=\"https:\/\/diagnosticimmobiliers.net\/wp-content\/uploads\/2024\/02\/istockphoto-1157133749-612x612-1.jpg 612w, https:\/\/diagnosticimmobiliers.net\/wp-content\/uploads\/2024\/02\/istockphoto-1157133749-612x612-1-300x187.jpg 300w, https:\/\/diagnosticimmobiliers.net\/wp-content\/uploads\/2024\/02\/istockphoto-1157133749-612x612-1-600x375.jpg 600w\" sizes=\"(max-width: 612px) 100vw, 612px\" \/><\/figure><\/div>\n<\/div>\n\n\n\n<div style=\"height:38px\" aria-hidden=\"true\" class=\"wp-block-spacer\"><\/div>\n\n\n\n<hr class=\"wp-block-separator has-alpha-channel-opacity\"\/>\n\n\n\n<div class=\"wp-block-buttons is-content-justification-center is-layout-flex wp-container-core-buttons-is-layout-f2baa792 wp-block-buttons-is-layout-flex\"><\/div>\n\n\n\n<div style=\"height:38px\" aria-hidden=\"true\" class=\"wp-block-spacer\"><\/div>\n\n\n\n<h2 class=\"wp-block-heading alignwide has-text-align-center\">Vos diagnostics en 3 \u00e9tapes<\/h2>\n\n\n\n<div style=\"height:16px\" aria-hidden=\"true\" class=\"wp-block-spacer\"><\/div>\n\n\n\n<div class=\"wp-block-columns alignwide is-layout-flex wp-container-core-columns-is-layout-28f84493 wp-block-columns-is-layout-flex\">\n<div class=\"wp-block-column has-background-background-color has-background has-global-padding is-layout-constrained wp-container-core-column-is-layout-731c369d wp-block-column-is-layout-constrained\" style=\"border-width:1px\">\n<div style=\"height:15px\" aria-hidden=\"true\" class=\"wp-block-spacer\"><\/div>\n\n\n\n<h1 class=\"wp-block-heading has-text-align-center has-secondary-color has-text-color has-link-color wp-elements-1e3a206ecde88110eaba6c84d61145cb\">\u2713 Etape 1<\/h1>\n\n\n\n<p class=\"has-secondary-color has-text-color has-link-color has-medium-font-size wp-elements-b97e385577323c9f7fe72e1062b51365\"><strong>Contactez-nous<\/strong>, nous vous conseillons sur les diagnostics \u00e0 r\u00e9aliser.<\/p>\n\n\n\n<div style=\"height:58px\" aria-hidden=\"true\" class=\"wp-block-spacer\"><\/div>\n<\/div>\n\n\n\n<div class=\"wp-block-column has-background-background-color has-background has-global-padding is-layout-constrained wp-container-core-column-is-layout-731c369d wp-block-column-is-layout-constrained\" style=\"border-width:1px\">\n<div style=\"height:15px\" aria-hidden=\"true\" class=\"wp-block-spacer\"><\/div>\n\n\n\n<h1 class=\"wp-block-heading has-text-align-center has-secondary-color has-text-color has-link-color wp-elements-afc826c91ab61fc41e212ca66d9d71eb\">\u2713 Etape 2<\/h1>\n\n\n\n<p class=\"has-secondary-color has-text-color has-link-color has-medium-font-size wp-elements-452284411755af361b119b8140def49f\">Nos <strong>op\u00e9rateurs certifi\u00e9s interviennent dans les meilleurs d\u00e9lais<\/strong> pour r\u00e9aliser vos diagnostics.<\/p>\n<\/div>\n\n\n\n<div class=\"wp-block-column has-background-background-color has-background has-global-padding is-layout-constrained wp-container-core-column-is-layout-731c369d wp-block-column-is-layout-constrained\" style=\"border-width:1px\">\n<div style=\"height:15px\" aria-hidden=\"true\" class=\"wp-block-spacer\"><\/div>\n\n\n\n<h1 class=\"wp-block-heading has-text-align-center has-secondary-color has-text-color has-link-color wp-elements-cacfa116df5618728e20e35b42cffbfe\">\u2713 Etape 3<\/h1>\n\n\n\n<p class=\"has-secondary-color has-text-color has-link-color has-medium-font-size wp-elements-adb12b0faa420033ba78f6983cf28755\">Vous recevez <strong>vos rapports de diagnostics dans les 24 heures<\/strong>.<\/p>\n<\/div>\n<\/div>\n\n\n\n<div style=\"height:44px\" aria-hidden=\"true\" class=\"wp-block-spacer\"><\/div>\n\n\n\n<hr class=\"wp-block-separator has-alpha-channel-opacity\"\/>\n\n\n\n<div style=\"height:31px\" aria-hidden=\"true\" class=\"wp-block-spacer\"><\/div>\n\n\n\n<div class=\"wp-block-media-text is-stacked-on-mobile\"><figure class=\"wp-block-media-text__media\"><img decoding=\"async\" width=\"932\" height=\"396\" src=\"https:\/\/diagnosticimmobiliers.net\/wp-content\/uploads\/2024\/02\/Quadri-Rouge-Logo-I-1.webp\" alt=\"\" class=\"wp-image-9908 size-full\" srcset=\"https:\/\/diagnosticimmobiliers.net\/wp-content\/uploads\/2024\/02\/Quadri-Rouge-Logo-I-1.webp 932w, https:\/\/diagnosticimmobiliers.net\/wp-content\/uploads\/2024\/02\/Quadri-Rouge-Logo-I-1-300x127.webp 300w, https:\/\/diagnosticimmobiliers.net\/wp-content\/uploads\/2024\/02\/Quadri-Rouge-Logo-I-1-768x326.webp 768w, https:\/\/diagnosticimmobiliers.net\/wp-content\/uploads\/2024\/02\/Quadri-Rouge-Logo-I-1-600x255.webp 600w\" sizes=\"(max-width: 932px) 100vw, 932px\" \/><\/figure><div class=\"wp-block-media-text__content\">\n<p class=\"has-large-font-size\"><strong>Nos op\u00e9rateurs sont certifi\u00e9s et exp\u00e9riment\u00e9s.<\/strong><\/p>\n\n\n\n<div style=\"height:29px\" aria-hidden=\"true\" class=\"wp-block-spacer\"><\/div>\n\n\n\n<div class=\"wp-block-buttons is-content-justification-center is-layout-flex wp-container-core-buttons-is-layout-a89b3969 wp-block-buttons-is-layout-flex\">\n<div class=\"wp-block-button\"><a class=\"wp-block-button__link has-foreground-background-color has-background wp-element-button\" href=\"https:\/\/diagnosticimmobiliers.net\/index.php\/certifications\" target=\"_blank\" rel=\"noreferrer noopener\"><strong>Voir nos certifications<\/strong><\/a><\/div>\n<\/div>\n<\/div><\/div>\n\n\n\n<div style=\"height:100px\" aria-hidden=\"true\" class=\"wp-block-spacer\"><\/div>\n","protected":false},"excerpt":{"rendered":"<p>Bienvenue sur le site de Nord Pas-de-Calais Diagnostics Pourquoi faire appel \u00e0 nous ? Vos diagnostics en 3 \u00e9tapes \u2713 Etape 1 Contactez-nous, nous vous conseillons sur les diagnostics \u00e0 r\u00e9aliser. \u2713 Etape 2 Nos op\u00e9rateurs certifi\u00e9s interviennent dans les meilleurs d\u00e9lais pour r\u00e9aliser vos diagnostics. \u2713 Etape 3 Vous [&hellip;]<\/p>\n","protected":false},"author":1,"featured_media":0,"parent":0,"menu_order":0,"comment_status":"closed","ping_status":"closed","template":"","meta":{"footnotes":""},"class_list":["post-9810","page","type-page","status-publish","hentry"],"yoast_head":"<!-- This site is optimized with the Yoast SEO plugin v22.7 - https:\/\/yoast.com\/wordpress\/plugins\/seo\/ -->\n<title>Accueil -<\/title>\n<meta name=\"robots\" content=\"index, follow, max-snippet:-1, max-image-preview:large, max-video-preview:-1\" \/>\n<link rel=\"canonical\" href=\"https:\/\/diagnosticimmobiliers.net\/\" \/>\n<meta property=\"og:locale\" content=\"fr_FR\" \/>\n<meta property=\"og:type\" content=\"article\" \/>\n<meta property=\"og:title\" content=\"Accueil -\" \/>\n<meta property=\"og:description\" content=\"Bienvenue sur le site de Nord Pas-de-Calais Diagnostics Pourquoi faire appel \u00e0 nous ? Vos diagnostics en 3 \u00e9tapes \u2713 Etape 1 Contactez-nous, nous vous conseillons sur les diagnostics \u00e0 r\u00e9aliser. \u2713 Etape 2 Nos op\u00e9rateurs certifi\u00e9s interviennent dans les meilleurs d\u00e9lais pour r\u00e9aliser vos diagnostics. \u2713 Etape 3 Vous [&hellip;]\" \/>\n<meta property=\"og:url\" content=\"https:\/\/diagnosticimmobiliers.net\/\" \/>\n<meta property=\"article:modified_time\" content=\"2024-03-07T08:17:10+00:00\" \/>\n<meta property=\"og:image\" content=\"https:\/\/diagnosticimmobiliers.net\/wp-content\/uploads\/2024\/02\/energie-loupe-copie.png\" \/>\n<meta name=\"twitter:card\" content=\"summary_large_image\" \/>\n<meta name=\"twitter:label1\" content=\"Dur\u00e9e de lecture estim\u00e9e\" \/>\n\t<meta name=\"twitter:data1\" content=\"1 minute\" \/>\n<script type=\"application\/ld+json\" class=\"yoast-schema-graph\">{\"@context\":\"https:\/\/schema.org\",\"@graph\":[{\"@type\":\"WebPage\",\"@id\":\"https:\/\/diagnosticimmobiliers.net\/\",\"url\":\"https:\/\/diagnosticimmobiliers.net\/\",\"name\":\"Accueil -\",\"isPartOf\":{\"@id\":\"https:\/\/diagnosticimmobiliers.net\/#website\"},\"primaryImageOfPage\":{\"@id\":\"https:\/\/diagnosticimmobiliers.net\/#primaryimage\"},\"image\":{\"@id\":\"https:\/\/diagnosticimmobiliers.net\/#primaryimage\"},\"thumbnailUrl\":\"https:\/\/diagnosticimmobiliers.net\/wp-content\/uploads\/2024\/02\/energie-loupe-copie.png\",\"datePublished\":\"2024-02-27T16:38:58+00:00\",\"dateModified\":\"2024-03-07T08:17:10+00:00\",\"breadcrumb\":{\"@id\":\"https:\/\/diagnosticimmobiliers.net\/#breadcrumb\"},\"inLanguage\":\"fr-FR\",\"potentialAction\":[{\"@type\":\"ReadAction\",\"target\":[\"https:\/\/diagnosticimmobiliers.net\/\"]}]},{\"@type\":\"ImageObject\",\"inLanguage\":\"fr-FR\",\"@id\":\"https:\/\/diagnosticimmobiliers.net\/#primaryimage\",\"url\":\"https:\/\/diagnosticimmobiliers.net\/wp-content\/uploads\/2024\/02\/energie-loupe-copie.png\",\"contentUrl\":\"https:\/\/diagnosticimmobiliers.net\/wp-content\/uploads\/2024\/02\/energie-loupe-copie.png\",\"width\":1000,\"height\":949},{\"@type\":\"BreadcrumbList\",\"@id\":\"https:\/\/diagnosticimmobiliers.net\/#breadcrumb\",\"itemListElement\":[{\"@type\":\"ListItem\",\"position\":1,\"name\":\"Accueil\",\"item\":\"https:\/\/diagnosticimmobiliers.net\/\"},{\"@type\":\"ListItem\",\"position\":2,\"name\":\"Accueil\"}]},{\"@type\":\"WebSite\",\"@id\":\"https:\/\/diagnosticimmobiliers.net\/#website\",\"url\":\"https:\/\/diagnosticimmobiliers.net\/\",\"name\":\"diagnosticimmobiliers.net\",\"description\":\"\",\"publisher\":{\"@id\":\"https:\/\/diagnosticimmobiliers.net\/#organization\"},\"potentialAction\":[{\"@type\":\"SearchAction\",\"target\":{\"@type\":\"EntryPoint\",\"urlTemplate\":\"https:\/\/diagnosticimmobiliers.net\/?s={search_term_string}\"},\"query-input\":\"required name=search_term_string\"}],\"inLanguage\":\"fr-FR\"},{\"@type\":\"Organization\",\"@id\":\"https:\/\/diagnosticimmobiliers.net\/#organization\",\"name\":\"Nord Pas-de-Calais Diagnostics\",\"url\":\"https:\/\/diagnosticimmobiliers.net\/\",\"logo\":{\"@type\":\"ImageObject\",\"inLanguage\":\"fr-FR\",\"@id\":\"https:\/\/diagnosticimmobiliers.net\/#\/schema\/logo\/image\/\",\"url\":\"https:\/\/diagnosticimmobiliers.net\/wp-content\/uploads\/2024\/02\/energie-loupe-copie-2.png\",\"contentUrl\":\"https:\/\/diagnosticimmobiliers.net\/wp-content\/uploads\/2024\/02\/energie-loupe-copie-2.png\",\"width\":1000,\"height\":949,\"caption\":\"Nord Pas-de-Calais Diagnostics\"},\"image\":{\"@id\":\"https:\/\/diagnosticimmobiliers.net\/#\/schema\/logo\/image\/\"}}]}<\/script>\n<!-- \/ Yoast SEO plugin. -->","yoast_head_json":{"title":"Accueil -","robots":{"index":"index","follow":"follow","max-snippet":"max-snippet:-1","max-image-preview":"max-image-preview:large","max-video-preview":"max-video-preview:-1"},"canonical":"https:\/\/diagnosticimmobiliers.net\/","og_locale":"fr_FR","og_type":"article","og_title":"Accueil -","og_description":"Bienvenue sur le site de Nord Pas-de-Calais Diagnostics Pourquoi faire appel \u00e0 nous ? Vos diagnostics en 3 \u00e9tapes \u2713 Etape 1 Contactez-nous, nous vous conseillons sur les diagnostics \u00e0 r\u00e9aliser. \u2713 Etape 2 Nos op\u00e9rateurs certifi\u00e9s interviennent dans les meilleurs d\u00e9lais pour r\u00e9aliser vos diagnostics. \u2713 Etape 3 Vous [&hellip;]","og_url":"https:\/\/diagnosticimmobiliers.net\/","article_modified_time":"2024-03-07T08:17:10+00:00","og_image":[{"url":"https:\/\/diagnosticimmobiliers.net\/wp-content\/uploads\/2024\/02\/energie-loupe-copie.png"}],"twitter_card":"summary_large_image","twitter_misc":{"Dur\u00e9e de lecture estim\u00e9e":"1 minute"},"schema":{"@context":"https:\/\/schema.org","@graph":[{"@type":"WebPage","@id":"https:\/\/diagnosticimmobiliers.net\/","url":"https:\/\/diagnosticimmobiliers.net\/","name":"Accueil -","isPartOf":{"@id":"https:\/\/diagnosticimmobiliers.net\/#website"},"primaryImageOfPage":{"@id":"https:\/\/diagnosticimmobiliers.net\/#primaryimage"},"image":{"@id":"https:\/\/diagnosticimmobiliers.net\/#primaryimage"},"thumbnailUrl":"https:\/\/diagnosticimmobiliers.net\/wp-content\/uploads\/2024\/02\/energie-loupe-copie.png","datePublished":"2024-02-27T16:38:58+00:00","dateModified":"2024-03-07T08:17:10+00:00","breadcrumb":{"@id":"https:\/\/diagnosticimmobiliers.net\/#breadcrumb"},"inLanguage":"fr-FR","potentialAction":[{"@type":"ReadAction","target":["https:\/\/diagnosticimmobiliers.net\/"]}]},{"@type":"ImageObject","inLanguage":"fr-FR","@id":"https:\/\/diagnosticimmobiliers.net\/#primaryimage","url":"https:\/\/diagnosticimmobiliers.net\/wp-content\/uploads\/2024\/02\/energie-loupe-copie.png","contentUrl":"https:\/\/diagnosticimmobiliers.net\/wp-content\/uploads\/2024\/02\/energie-loupe-copie.png","width":1000,"height":949},{"@type":"BreadcrumbList","@id":"https:\/\/diagnosticimmobiliers.net\/#breadcrumb","itemListElement":[{"@type":"ListItem","position":1,"name":"Accueil","item":"https:\/\/diagnosticimmobiliers.net\/"},{"@type":"ListItem","position":2,"name":"Accueil"}]},{"@type":"WebSite","@id":"https:\/\/diagnosticimmobiliers.net\/#website","url":"https:\/\/diagnosticimmobiliers.net\/","name":"diagnosticimmobiliers.net","description":"","publisher":{"@id":"https:\/\/diagnosticimmobiliers.net\/#organization"},"potentialAction":[{"@type":"SearchAction","target":{"@type":"EntryPoint","urlTemplate":"https:\/\/diagnosticimmobiliers.net\/?s={search_term_string}"},"query-input":"required name=search_term_string"}],"inLanguage":"fr-FR"},{"@type":"Organization","@id":"https:\/\/diagnosticimmobiliers.net\/#organization","name":"Nord Pas-de-Calais Diagnostics","url":"https:\/\/diagnosticimmobiliers.net\/","logo":{"@type":"ImageObject","inLanguage":"fr-FR","@id":"https:\/\/diagnosticimmobiliers.net\/#\/schema\/logo\/image\/","url":"https:\/\/diagnosticimmobiliers.net\/wp-content\/uploads\/2024\/02\/energie-loupe-copie-2.png","contentUrl":"https:\/\/diagnosticimmobiliers.net\/wp-content\/uploads\/2024\/02\/energie-loupe-copie-2.png","width":1000,"height":949,"caption":"Nord Pas-de-Calais Diagnostics"},"image":{"@id":"https:\/\/diagnosticimmobiliers.net\/#\/schema\/logo\/image\/"}}]}},"_links":{"self":[{"href":"https:\/\/diagnosticimmobiliers.net\/index.php\/wp-json\/wp\/v2\/pages\/9810","targetHints":{"allow":["GET"]}}],"collection":[{"href":"https:\/\/diagnosticimmobiliers.net\/index.php\/wp-json\/wp\/v2\/pages"}],"about":[{"href":"https:\/\/diagnosticimmobiliers.net\/index.php\/wp-json\/wp\/v2\/types\/page"}],"author":[{"embeddable":true,"href":"https:\/\/diagnosticimmobiliers.net\/index.php\/wp-json\/wp\/v2\/users\/1"}],"replies":[{"embeddable":true,"href":"https:\/\/diagnosticimmobiliers.net\/index.php\/wp-json\/wp\/v2\/comments?post=9810"}],"version-history":[{"count":68,"href":"https:\/\/diagnosticimmobiliers.net\/index.php\/wp-json\/wp\/v2\/pages\/9810\/revisions"}],"predecessor-version":[{"id":10112,"href":"https:\/\/diagnosticimmobiliers.net\/index.php\/wp-json\/wp\/v2\/pages\/9810\/revisions\/10112"}],"wp:attachment":[{"href":"https:\/\/diagnosticimmobiliers.net\/index.php\/wp-json\/wp\/v2\/media?parent=9810"}],"curies":[{"name":"wp","href":"https:\/\/api.w.org\/{rel}","templated":true}]}}