{"id":9822,"date":"2024-02-27T17:49:54","date_gmt":"2024-02-27T16:49:54","guid":{"rendered":"https:\/\/diagnosticimmobiliers.net\/?page_id=9822"},"modified":"2024-04-26T09:24:00","modified_gmt":"2024-04-26T07:24:00","slug":"tarifs","status":"publish","type":"page","link":"https:\/\/diagnosticimmobiliers.net\/index.php\/tarifs\/","title":{"rendered":"Des tarifs comp\u00e9titifs, clairs et adapt\u00e9s \u00e0 votre\u00a0besoin"},"content":{"rendered":"\n<p class=\"has-text-align-center has-medium-font-size\">Le tarif va d\u00e9pendre du nombre de diagnostics dont vous avez besoin et de la surface du bien que vous souhaitez vendre ou louer.<\/p>\n\n\n\n<h3 class=\"wp-block-heading alignwide has-text-align-center\">Grille des tarifs pour 1 seul diagnostic \u00e0 r\u00e9aliser<\/h3>\n\n\n\n<p class=\"has-text-align-center has-medium-font-size\">Vous n&rsquo;avez besoin que d&rsquo;un seul diagnostic pour le bien que vous souhaitez vendre ou louer.<\/p>\n\n\n\n<figure class=\"wp-block-table alignwide is-style-stripes has-medium-font-size\"><table class=\"has-fixed-layout\"><thead><tr><th class=\"has-text-align-center\" data-align=\"center\">Surface du bien<\/th><th class=\"has-text-align-center\" data-align=\"center\">DPE<\/th><th class=\"has-text-align-center\" data-align=\"center\">CREP<\/th><th class=\"has-text-align-center\" data-align=\"center\">Electricit\u00e9 ou Amiante<\/th><th class=\"has-text-align-center\" data-align=\"center\">Gaz<\/th><\/tr><\/thead><tbody><tr><td class=\"has-text-align-center\" data-align=\"center\"><strong>Inf. \u00e0 40 m\u00b2<\/strong><\/td><td class=\"has-text-align-center\" data-align=\"center\">95 \u20ac TTC<\/td><td class=\"has-text-align-center\" data-align=\"center\">110 \u20ac TTC<\/td><td class=\"has-text-align-center\" data-align=\"center\">95 \u20ac TTC<\/td><td class=\"has-text-align-center\" data-align=\"center\">95 \u20ac TTC<\/td><\/tr><tr><td class=\"has-text-align-center\" data-align=\"center\"><strong>41 \u00e0 60 m\u00b2<\/strong><\/td><td class=\"has-text-align-center\" data-align=\"center\">100 \u20ac TTC<\/td><td class=\"has-text-align-center\" data-align=\"center\">120 \u20ac TTC<\/td><td class=\"has-text-align-center\" data-align=\"center\">95 \u20ac TTC<\/td><td class=\"has-text-align-center\" data-align=\"center\">95 \u20ac TTC<\/td><\/tr><tr><td class=\"has-text-align-center\" data-align=\"center\"><strong>61 \u00e0 80 m\u00b2<\/strong><\/td><td class=\"has-text-align-center\" data-align=\"center\">110 \u20ac TTC<\/td><td class=\"has-text-align-center\" data-align=\"center\">130 \u20ac TTC<\/td><td class=\"has-text-align-center\" data-align=\"center\">95 \u20ac TTC<\/td><td class=\"has-text-align-center\" data-align=\"center\">95 \u20ac TTC<\/td><\/tr><tr><td class=\"has-text-align-center\" data-align=\"center\"><strong>81 \u00e0 100 m\u00b2<\/strong><\/td><td class=\"has-text-align-center\" data-align=\"center\">120 \u20ac TTC<\/td><td class=\"has-text-align-center\" data-align=\"center\">140 \u20ac TTC<\/td><td class=\"has-text-align-center\" data-align=\"center\">105 \u20ac TTC<\/td><td class=\"has-text-align-center\" data-align=\"center\">95 \u20ac TTC<\/td><\/tr><tr><td class=\"has-text-align-center\" data-align=\"center\"><strong>101 \u00e0 120 m\u00b2<\/strong><\/td><td class=\"has-text-align-center\" data-align=\"center\">130 \u20ac TTC<\/td><td class=\"has-text-align-center\" data-align=\"center\">150 \u20ac TTC<\/td><td class=\"has-text-align-center\" data-align=\"center\">105 \u20ac TTC<\/td><td class=\"has-text-align-center\" data-align=\"center\">95 \u20ac TTC<\/td><\/tr><tr><td class=\"has-text-align-center\" data-align=\"center\"><strong>121 \u00e0 140 m\u00b2<\/strong><\/td><td class=\"has-text-align-center\" data-align=\"center\">140 \u20ac TTC<\/td><td class=\"has-text-align-center\" data-align=\"center\">160 \u20ac TTC<\/td><td class=\"has-text-align-center\" data-align=\"center\">105 \u20ac TTC<\/td><td class=\"has-text-align-center\" data-align=\"center\">95 \u20ac TTC<\/td><\/tr><\/tbody><\/table><figcaption class=\"wp-element-caption\">Tarif TTC Tout compris frais de d\u00e9placements inclus<\/figcaption><\/figure>\n\n\n\n<p class=\"has-text-align-center has-medium-font-size\">Au del\u00e0 de 140m2, nous consulter<\/p>\n\n\n\n<div style=\"height:23px\" aria-hidden=\"true\" class=\"wp-block-spacer\"><\/div>\n\n\n\n<hr class=\"wp-block-separator has-alpha-channel-opacity\"\/>\n\n\n\n<div style=\"height:38px\" aria-hidden=\"true\" class=\"wp-block-spacer\"><\/div>\n\n\n\n<h3 class=\"wp-block-heading alignwide has-text-align-center\">Grille des tarifs pour plusieurs diagnostics \u00e0 r\u00e9aliser<\/h3>\n\n\n\n<p class=\"has-text-align-center has-medium-font-size\">Vous avez besoin de plusieurs diagnostics \u00e0 r\u00e9aliser pour le m\u00eame bien immobilier que vous souhaitez vendre ou louer.<\/p>\n\n\n\n<figure class=\"wp-block-table alignwide is-style-stripes has-medium-font-size\"><table class=\"has-fixed-layout\"><thead><tr><th class=\"has-text-align-center\" data-align=\"center\">Surface du bien<\/th><th class=\"has-text-align-center\" data-align=\"center\">2 Diagnostics<\/th><th class=\"has-text-align-center\" data-align=\"center\">3 Diagnostics<\/th><th class=\"has-text-align-center\" data-align=\"center\">4 Diagnostics<\/th><th class=\"has-text-align-center\" data-align=\"center\">5 Diagnostics<\/th><\/tr><\/thead><tbody><tr><td class=\"has-text-align-center\" data-align=\"center\"><strong>Inf. \u00e0 40 m\u00b2<\/strong><\/td><td class=\"has-text-align-center\" data-align=\"center\">170 \u20ac TTC<\/td><td class=\"has-text-align-center\" data-align=\"center\">230 \u20ac TTC<\/td><td class=\"has-text-align-center\" data-align=\"center\">310 \u20ac TTC<\/td><td class=\"has-text-align-center\" data-align=\"center\">320 \u20ac TTC<\/td><\/tr><tr><td class=\"has-text-align-center\" data-align=\"center\"><strong>41 \u00e0 60 m\u00b2<\/strong><\/td><td class=\"has-text-align-center\" data-align=\"center\">170 \u20ac TTC<\/td><td class=\"has-text-align-center\" data-align=\"center\">240 \u20ac TTC<\/td><td class=\"has-text-align-center\" data-align=\"center\">320 \u20ac TTC<\/td><td class=\"has-text-align-center\" data-align=\"center\">340 \u20ac TTC<\/td><\/tr><tr><td class=\"has-text-align-center\" data-align=\"center\"><strong>61 \u00e0 80 m\u00b2<\/strong><\/td><td class=\"has-text-align-center\" data-align=\"center\">170 \u20ac TTC<\/td><td class=\"has-text-align-center\" data-align=\"center\">250 \u20ac TTC<\/td><td class=\"has-text-align-center\" data-align=\"center\">330 \u20ac TTC<\/td><td class=\"has-text-align-center\" data-align=\"center\">360 \u20ac TTC<\/td><\/tr><tr><td class=\"has-text-align-center\" data-align=\"center\"><strong>81 \u00e0 100 m\u00b2<\/strong><\/td><td class=\"has-text-align-center\" data-align=\"center\">180 \u20ac TTC<\/td><td class=\"has-text-align-center\" data-align=\"center\">260 \u20ac TTC<\/td><td class=\"has-text-align-center\" data-align=\"center\">340 \u20ac TTC<\/td><td class=\"has-text-align-center\" data-align=\"center\">380 \u20ac TTC<\/td><\/tr><tr><td class=\"has-text-align-center\" data-align=\"center\"><strong>101 \u00e0 120 m\u00b2<\/strong><\/td><td class=\"has-text-align-center\" data-align=\"center\">180 \u20ac TTC<\/td><td class=\"has-text-align-center\" data-align=\"center\">270 \u20ac TTC<\/td><td class=\"has-text-align-center\" data-align=\"center\">350 \u20ac TTC<\/td><td class=\"has-text-align-center\" data-align=\"center\">400 \u20ac TTC<\/td><\/tr><tr><td class=\"has-text-align-center\" data-align=\"center\"><strong>121 \u00e0 140 m\u00b2<\/strong><\/td><td class=\"has-text-align-center\" data-align=\"center\">200 \u20ac TTC<\/td><td class=\"has-text-align-center\" data-align=\"center\">280 \u20ac TTC<\/td><td class=\"has-text-align-center\" data-align=\"center\">360 \u20ac TTC<\/td><td class=\"has-text-align-center\" data-align=\"center\">420 \u20ac TTC<\/td><\/tr><\/tbody><\/table><figcaption class=\"wp-element-caption\">Tarif TTC Tout compris frais de d\u00e9placements inclus<\/figcaption><\/figure>\n\n\n\n<p class=\"has-text-align-center has-medium-font-size\">Au del\u00e0 de 140m2, nous consulter<\/p>\n\n\n\n<div style=\"height:32px\" aria-hidden=\"true\" class=\"wp-block-spacer\"><\/div>\n\n\n\n<div class=\"wp-block-buttons is-content-justification-center is-layout-flex wp-container-core-buttons-is-layout-a89b3969 wp-block-buttons-is-layout-flex\">\n<div class=\"wp-block-button has-custom-width wp-block-button__width-50 has-custom-font-size has-small-font-size\"><a class=\"wp-block-button__link has-white-color has-secondary-background-color has-text-color has-background has-link-color wp-element-button\" href=\"https:\/\/diagnosticimmobiliers.net\/index.php\/contact-2\/\" style=\"border-style:none;border-width:0px;border-radius:0px\"><strong>nous contacter<\/strong><\/a><\/div>\n<\/div>\n\n\n\n<div style=\"height:27px\" aria-hidden=\"true\" class=\"wp-block-spacer\"><\/div>\n","protected":false},"excerpt":{"rendered":"<p>Le tarif va d\u00e9pendre du nombre de diagnostics dont vous avez besoin et de la surface du bien que vous souhaitez vendre ou louer. Grille des tarifs pour 1 seul diagnostic \u00e0 r\u00e9aliser Vous n&rsquo;avez besoin que d&rsquo;un seul diagnostic pour le bien que vous souhaitez vendre ou louer. Surface [&hellip;]<\/p>\n","protected":false},"author":1,"featured_media":10116,"parent":0,"menu_order":0,"comment_status":"closed","ping_status":"closed","template":"","meta":{"footnotes":""},"class_list":["post-9822","page","type-page","status-publish","has-post-thumbnail","hentry"],"yoast_head":"<!-- This site is optimized with the Yoast SEO plugin v22.7 - https:\/\/yoast.com\/wordpress\/plugins\/seo\/ -->\n<title>Des tarifs comp\u00e9titifs, clairs et adapt\u00e9s \u00e0 votre\u00a0besoin -<\/title>\n<meta name=\"robots\" content=\"index, follow, max-snippet:-1, max-image-preview:large, max-video-preview:-1\" \/>\n<link rel=\"canonical\" href=\"https:\/\/diagnosticimmobiliers.net\/index.php\/tarifs\/\" \/>\n<meta property=\"og:locale\" content=\"fr_FR\" \/>\n<meta property=\"og:type\" content=\"article\" \/>\n<meta property=\"og:title\" content=\"Des tarifs comp\u00e9titifs, clairs et adapt\u00e9s \u00e0 votre\u00a0besoin -\" \/>\n<meta property=\"og:description\" content=\"Le tarif va d\u00e9pendre du nombre de diagnostics dont vous avez besoin et de la surface du bien que vous souhaitez vendre ou louer. Grille des tarifs pour 1 seul diagnostic \u00e0 r\u00e9aliser Vous n&rsquo;avez besoin que d&rsquo;un seul diagnostic pour le bien que vous souhaitez vendre ou louer. Surface [&hellip;]\" \/>\n<meta property=\"og:url\" content=\"https:\/\/diagnosticimmobiliers.net\/index.php\/tarifs\/\" \/>\n<meta property=\"article:modified_time\" content=\"2024-04-26T07:24:00+00:00\" \/>\n<meta property=\"og:image\" content=\"https:\/\/diagnosticimmobiliers.net\/wp-content\/uploads\/2024\/04\/iStock-1443799860-scaled.jpg\" \/>\n\t<meta property=\"og:image:width\" content=\"2560\" \/>\n\t<meta property=\"og:image:height\" content=\"1257\" \/>\n\t<meta property=\"og:image:type\" content=\"image\/jpeg\" \/>\n<meta name=\"twitter:card\" content=\"summary_large_image\" \/>\n<meta name=\"twitter:label1\" content=\"Dur\u00e9e de lecture estim\u00e9e\" \/>\n\t<meta name=\"twitter:data1\" content=\"1 minute\" \/>\n<script type=\"application\/ld+json\" class=\"yoast-schema-graph\">{\"@context\":\"https:\/\/schema.org\",\"@graph\":[{\"@type\":\"WebPage\",\"@id\":\"https:\/\/diagnosticimmobiliers.net\/index.php\/tarifs\/\",\"url\":\"https:\/\/diagnosticimmobiliers.net\/index.php\/tarifs\/\",\"name\":\"Des tarifs comp\u00e9titifs, clairs et adapt\u00e9s \u00e0 votre\u00a0besoin -\",\"isPartOf\":{\"@id\":\"https:\/\/diagnosticimmobiliers.net\/#website\"},\"primaryImageOfPage\":{\"@id\":\"https:\/\/diagnosticimmobiliers.net\/index.php\/tarifs\/#primaryimage\"},\"image\":{\"@id\":\"https:\/\/diagnosticimmobiliers.net\/index.php\/tarifs\/#primaryimage\"},\"thumbnailUrl\":\"https:\/\/diagnosticimmobiliers.net\/wp-content\/uploads\/2024\/04\/iStock-1443799860-scaled.jpg\",\"datePublished\":\"2024-02-27T16:49:54+00:00\",\"dateModified\":\"2024-04-26T07:24:00+00:00\",\"breadcrumb\":{\"@id\":\"https:\/\/diagnosticimmobiliers.net\/index.php\/tarifs\/#breadcrumb\"},\"inLanguage\":\"fr-FR\",\"potentialAction\":[{\"@type\":\"ReadAction\",\"target\":[\"https:\/\/diagnosticimmobiliers.net\/index.php\/tarifs\/\"]}]},{\"@type\":\"ImageObject\",\"inLanguage\":\"fr-FR\",\"@id\":\"https:\/\/diagnosticimmobiliers.net\/index.php\/tarifs\/#primaryimage\",\"url\":\"https:\/\/diagnosticimmobiliers.net\/wp-content\/uploads\/2024\/04\/iStock-1443799860-scaled.jpg\",\"contentUrl\":\"https:\/\/diagnosticimmobiliers.net\/wp-content\/uploads\/2024\/04\/iStock-1443799860-scaled.jpg\",\"width\":2560,\"height\":1257,\"caption\":\"House energy efficiency rating. Small wooden model house on desk with energy efficiency graph, calculator, folding ruler, drawing compass, pencil and a computer keyboard and copy space.\"},{\"@type\":\"BreadcrumbList\",\"@id\":\"https:\/\/diagnosticimmobiliers.net\/index.php\/tarifs\/#breadcrumb\",\"itemListElement\":[{\"@type\":\"ListItem\",\"position\":1,\"name\":\"Accueil\",\"item\":\"https:\/\/diagnosticimmobiliers.net\/\"},{\"@type\":\"ListItem\",\"position\":2,\"name\":\"Des tarifs comp\u00e9titifs, clairs et adapt\u00e9s \u00e0 votre\u00a0besoin\"}]},{\"@type\":\"WebSite\",\"@id\":\"https:\/\/diagnosticimmobiliers.net\/#website\",\"url\":\"https:\/\/diagnosticimmobiliers.net\/\",\"name\":\"diagnosticimmobiliers.net\",\"description\":\"\",\"publisher\":{\"@id\":\"https:\/\/diagnosticimmobiliers.net\/#organization\"},\"potentialAction\":[{\"@type\":\"SearchAction\",\"target\":{\"@type\":\"EntryPoint\",\"urlTemplate\":\"https:\/\/diagnosticimmobiliers.net\/?s={search_term_string}\"},\"query-input\":\"required name=search_term_string\"}],\"inLanguage\":\"fr-FR\"},{\"@type\":\"Organization\",\"@id\":\"https:\/\/diagnosticimmobiliers.net\/#organization\",\"name\":\"Nord Pas-de-Calais Diagnostics\",\"url\":\"https:\/\/diagnosticimmobiliers.net\/\",\"logo\":{\"@type\":\"ImageObject\",\"inLanguage\":\"fr-FR\",\"@id\":\"https:\/\/diagnosticimmobiliers.net\/#\/schema\/logo\/image\/\",\"url\":\"https:\/\/diagnosticimmobiliers.net\/wp-content\/uploads\/2024\/02\/energie-loupe-copie-2.png\",\"contentUrl\":\"https:\/\/diagnosticimmobiliers.net\/wp-content\/uploads\/2024\/02\/energie-loupe-copie-2.png\",\"width\":1000,\"height\":949,\"caption\":\"Nord Pas-de-Calais Diagnostics\"},\"image\":{\"@id\":\"https:\/\/diagnosticimmobiliers.net\/#\/schema\/logo\/image\/\"}}]}<\/script>\n<!-- \/ Yoast SEO plugin. -->","yoast_head_json":{"title":"Des tarifs comp\u00e9titifs, clairs et adapt\u00e9s \u00e0 votre\u00a0besoin -","robots":{"index":"index","follow":"follow","max-snippet":"max-snippet:-1","max-image-preview":"max-image-preview:large","max-video-preview":"max-video-preview:-1"},"canonical":"https:\/\/diagnosticimmobiliers.net\/index.php\/tarifs\/","og_locale":"fr_FR","og_type":"article","og_title":"Des tarifs comp\u00e9titifs, clairs et adapt\u00e9s \u00e0 votre\u00a0besoin -","og_description":"Le tarif va d\u00e9pendre du nombre de diagnostics dont vous avez besoin et de la surface du bien que vous souhaitez vendre ou louer. Grille des tarifs pour 1 seul diagnostic \u00e0 r\u00e9aliser Vous n&rsquo;avez besoin que d&rsquo;un seul diagnostic pour le bien que vous souhaitez vendre ou louer. Surface [&hellip;]","og_url":"https:\/\/diagnosticimmobiliers.net\/index.php\/tarifs\/","article_modified_time":"2024-04-26T07:24:00+00:00","og_image":[{"width":2560,"height":1257,"url":"https:\/\/diagnosticimmobiliers.net\/wp-content\/uploads\/2024\/04\/iStock-1443799860-scaled.jpg","type":"image\/jpeg"}],"twitter_card":"summary_large_image","twitter_misc":{"Dur\u00e9e de lecture estim\u00e9e":"1 minute"},"schema":{"@context":"https:\/\/schema.org","@graph":[{"@type":"WebPage","@id":"https:\/\/diagnosticimmobiliers.net\/index.php\/tarifs\/","url":"https:\/\/diagnosticimmobiliers.net\/index.php\/tarifs\/","name":"Des tarifs comp\u00e9titifs, clairs et adapt\u00e9s \u00e0 votre\u00a0besoin -","isPartOf":{"@id":"https:\/\/diagnosticimmobiliers.net\/#website"},"primaryImageOfPage":{"@id":"https:\/\/diagnosticimmobiliers.net\/index.php\/tarifs\/#primaryimage"},"image":{"@id":"https:\/\/diagnosticimmobiliers.net\/index.php\/tarifs\/#primaryimage"},"thumbnailUrl":"https:\/\/diagnosticimmobiliers.net\/wp-content\/uploads\/2024\/04\/iStock-1443799860-scaled.jpg","datePublished":"2024-02-27T16:49:54+00:00","dateModified":"2024-04-26T07:24:00+00:00","breadcrumb":{"@id":"https:\/\/diagnosticimmobiliers.net\/index.php\/tarifs\/#breadcrumb"},"inLanguage":"fr-FR","potentialAction":[{"@type":"ReadAction","target":["https:\/\/diagnosticimmobiliers.net\/index.php\/tarifs\/"]}]},{"@type":"ImageObject","inLanguage":"fr-FR","@id":"https:\/\/diagnosticimmobiliers.net\/index.php\/tarifs\/#primaryimage","url":"https:\/\/diagnosticimmobiliers.net\/wp-content\/uploads\/2024\/04\/iStock-1443799860-scaled.jpg","contentUrl":"https:\/\/diagnosticimmobiliers.net\/wp-content\/uploads\/2024\/04\/iStock-1443799860-scaled.jpg","width":2560,"height":1257,"caption":"House energy efficiency rating. Small wooden model house on desk with energy efficiency graph, calculator, folding ruler, drawing compass, pencil and a computer keyboard and copy space."},{"@type":"BreadcrumbList","@id":"https:\/\/diagnosticimmobiliers.net\/index.php\/tarifs\/#breadcrumb","itemListElement":[{"@type":"ListItem","position":1,"name":"Accueil","item":"https:\/\/diagnosticimmobiliers.net\/"},{"@type":"ListItem","position":2,"name":"Des tarifs comp\u00e9titifs, clairs et adapt\u00e9s \u00e0 votre\u00a0besoin"}]},{"@type":"WebSite","@id":"https:\/\/diagnosticimmobiliers.net\/#website","url":"https:\/\/diagnosticimmobiliers.net\/","name":"diagnosticimmobiliers.net","description":"","publisher":{"@id":"https:\/\/diagnosticimmobiliers.net\/#organization"},"potentialAction":[{"@type":"SearchAction","target":{"@type":"EntryPoint","urlTemplate":"https:\/\/diagnosticimmobiliers.net\/?s={search_term_string}"},"query-input":"required name=search_term_string"}],"inLanguage":"fr-FR"},{"@type":"Organization","@id":"https:\/\/diagnosticimmobiliers.net\/#organization","name":"Nord Pas-de-Calais Diagnostics","url":"https:\/\/diagnosticimmobiliers.net\/","logo":{"@type":"ImageObject","inLanguage":"fr-FR","@id":"https:\/\/diagnosticimmobiliers.net\/#\/schema\/logo\/image\/","url":"https:\/\/diagnosticimmobiliers.net\/wp-content\/uploads\/2024\/02\/energie-loupe-copie-2.png","contentUrl":"https:\/\/diagnosticimmobiliers.net\/wp-content\/uploads\/2024\/02\/energie-loupe-copie-2.png","width":1000,"height":949,"caption":"Nord Pas-de-Calais Diagnostics"},"image":{"@id":"https:\/\/diagnosticimmobiliers.net\/#\/schema\/logo\/image\/"}}]}},"_links":{"self":[{"href":"https:\/\/diagnosticimmobiliers.net\/index.php\/wp-json\/wp\/v2\/pages\/9822","targetHints":{"allow":["GET"]}}],"collection":[{"href":"https:\/\/diagnosticimmobiliers.net\/index.php\/wp-json\/wp\/v2\/pages"}],"about":[{"href":"https:\/\/diagnosticimmobiliers.net\/index.php\/wp-json\/wp\/v2\/types\/page"}],"author":[{"embeddable":true,"href":"https:\/\/diagnosticimmobiliers.net\/index.php\/wp-json\/wp\/v2\/users\/1"}],"replies":[{"embeddable":true,"href":"https:\/\/diagnosticimmobiliers.net\/index.php\/wp-json\/wp\/v2\/comments?post=9822"}],"version-history":[{"count":21,"href":"https:\/\/diagnosticimmobiliers.net\/index.php\/wp-json\/wp\/v2\/pages\/9822\/revisions"}],"predecessor-version":[{"id":10045,"href":"https:\/\/diagnosticimmobiliers.net\/index.php\/wp-json\/wp\/v2\/pages\/9822\/revisions\/10045"}],"wp:featuredmedia":[{"embeddable":true,"href":"https:\/\/diagnosticimmobiliers.net\/index.php\/wp-json\/wp\/v2\/media\/10116"}],"wp:attachment":[{"href":"https:\/\/diagnosticimmobiliers.net\/index.php\/wp-json\/wp\/v2\/media?parent=9822"}],"curies":[{"name":"wp","href":"https:\/\/api.w.org\/{rel}","templated":true}]}}